{"id":131438,"date":"2024-07-11T17:16:07","date_gmt":"2024-07-11T15:16:07","guid":{"rendered":"https:\/\/beatpilates.com\/condiciones-de-uso\/"},"modified":"2024-07-12T19:52:03","modified_gmt":"2024-07-12T17:52:03","slug":"condicions-d-us","status":"publish","type":"page","link":"https:\/\/beatpilates.com\/ca\/condicions-d-us\/","title":{"rendered":"Condicions d&#8217;\u00fas"},"content":{"rendered":"<h4><strong>QUINA DIFER\u00c8NCIA HI HA ENTRE UN MEMBERSHIP I UN PACK DE CLASSES?<\/strong><\/h4>\n<ul>\n<li>Els memberships consten d\u2019un nombre de classes recurrents mensuals, que es renoven autom\u00e0ticament cada 30 dies. Els pagaments dels memberships s\u00f3n mensuals i autom\u00e0tics cada 30 d\u00edes.<\/li>\n<li>Un pack de classes \u00e9s una compra \u00fanica.<\/li>\n<\/ul>\n<p>&nbsp;<\/p>\n<h4><strong>CONDICIONS DELS MEMBERSHIP I PACKS<\/strong><\/h4>\n<ul>\n<li>Els memberships i packs de BEAT<sup>\u00ae<\/sup> Pilates Studio s\u00f3n personals, intransferibles i NO reemborsables ni intercanviables.<\/li>\n<li>No hi ha matr\u00edcula.<\/li>\n<li>Els Membership son abonaments mensuals es renoven autom\u00e0ticament cada 30 dies.<\/li>\n<li>Per acollir-se a la tarifa Memerbship hi ha una permanencia m\u00ednima de 2 mesos.<\/li>\n<li>Les classes pendents no es renoven ni s\u2019acumulen.<\/li>\n<li>Per cancel\u00b7lar la renovaci\u00f3 autom\u00e0tica, poseu-vos en contacte amb nosaltres amb almenys 3 dies d\u2019antel\u00b7laci\u00f3 abans que et caduqui l\u2019abonament actual, per finalitzar la subscripci\u00f3 l\u2019\u00faltim dia del teu abonament.<\/li>\n<li>Els preus especificats s\u00f3n mensuals, excepte els dels packs.<\/li>\n<li>Si et dones de baixa, hi ha una tarifa de reinscripci\u00f3 de 50\u20ac.<\/li>\n<li>Pots pausar el teu Membership durant un mes per 25\u20ac.<\/li>\n<li>Els packs tenen una caducitat de 60 dies des de la data d\u2019adquisici\u00f3.<\/li>\n<\/ul>\n<p>&nbsp;<\/p>\n<h4><strong>POL\u00cdTICA DE CANCEL\u00b7LACIONS I MODIFICACIONS<\/strong><\/h4>\n<ul>\n<li>Si no pots venir, cancel\u00b7la o modifica la teva sessi\u00f3 a trav\u00e9s de la nostra web o app.<\/li>\n<li>Pots cancel\u00b7lar o reprogramar una classe amb fins a 12 hores d\u2019antelaci\u00f3 (grups) i 24 hores d\u2019antelaci\u00f3 (duos i privades). Si cancel\u00b7les dins del termini, el cr\u00e8dit es retornar\u00e0 al teu compte.<\/li>\n<li>Treu-te de la llista d\u2019espera si no pots assistir. En inscriure\u2019t en una llista d\u2019espera, et compromets a assistir i s\u2019aplicaran les penalitzacions per cancel\u00b7laci\u00f3 tardana i per no presentar-te.<\/li>\n<li>Si cancel\u00b7les m\u00e9s tard dels terminis establerts, la sessi\u00f3 es perdr\u00e0 i no tindr\u00e0s dreta a reemborsament ni un \u00fas futur de la sessi\u00f3 cancel\u00b7lada.<\/li>\n<\/ul>\n<p>&nbsp;<\/p>\n<h4><strong>PENALITZACI\u00d3 PER NO ASSIST\u00c8NCIA<\/strong><\/h4>\n<ul>\n<li>No assist\u00e8ncia: si no cancel\u00b7les i no assisteixes a la classe.<\/li>\n<li>Si no pots venir a una classe, \u00e9s obligatori cancel\u00b7lar la teva reserva per poder oferir l\u2019oportunitat a les persones en llista d\u2019espera. A partir de la tercera vegada, la no cancel\u00b7laci\u00f3 i no assist\u00e8ncia comportar\u00e0 una penalitzaci\u00f3 extra de 10\u20ac. Aix\u00f2 \u00e9s perqu\u00e8 tenim llista d\u2019espera i si no es cancel\u00b7la ning\u00fa podr\u00e0 aprofitar la sessi\u00f3. Ajuda\u2019ns a mantenir el centre eficient i accessible per a tothom.<\/li>\n<\/ul>\n<p>&nbsp;<\/p>\n<h4><strong>PAGAMENTS<\/strong><\/h4>\n<ul>\n<li>No s\u2019activar\u00e0 cap serveri fins que s\u2019hagi rebut el pagament corresponent.<\/li>\n<li>Els Membershio i packs es paguen pr\u00e8viament a qualsevol reserva.<\/li>\n<li>La falta de pagament pot suspendre els teus privilegis de membre.<\/li>\n<\/ul>\n<p><strong>\u00a0<\/strong><\/p>\n<h4><strong>POL\u00cdTICA DE REEMBORSAMENT<\/strong><\/h4>\n<ul>\n<li>Els Membership i paquets de BEAT<sup>\u00ae<\/sup> Pilates Studio no s\u00f3n reemborsables.<\/li>\n<\/ul>\n","protected":false},"excerpt":{"rendered":"<p>QUINA DIFER\u00c8NCIA HI HA ENTRE UN MEMBERSHIP I UN PACK DE CLASSES? Els memberships consten d\u2019un nombre de classes recurrents [&hellip;]<\/p>\n","protected":false},"author":1,"featured_media":0,"parent":0,"menu_order":0,"comment_status":"closed","ping_status":"closed","template":"","meta":{"footnotes":""},"class_list":["post-131438","page","type-page","status-publish","hentry"],"yoast_head":"<!-- This site is optimized with the Yoast SEO plugin v24.0 - https:\/\/yoast.com\/wordpress\/plugins\/seo\/ -->\n<title>Condicions d&#039;\u00fas - BEAT\u00ae Pilates Studio<\/title>\n<meta name=\"robots\" content=\"index, follow, max-snippet:-1, max-image-preview:large, max-video-preview:-1\" \/>\n<link rel=\"canonical\" href=\"https:\/\/beatpilates.com\/ca\/condicions-d-us\/\" \/>\n<meta property=\"og:locale\" content=\"ca_ES\" \/>\n<meta property=\"og:type\" content=\"article\" \/>\n<meta property=\"og:title\" content=\"Condicions d&#039;\u00fas - BEAT\u00ae Pilates Studio\" \/>\n<meta property=\"og:description\" content=\"QUINA DIFER\u00c8NCIA HI HA ENTRE UN MEMBERSHIP I UN PACK DE CLASSES? Els memberships consten d\u2019un nombre de classes recurrents [&hellip;]\" \/>\n<meta property=\"og:url\" content=\"https:\/\/beatpilates.com\/ca\/condicions-d-us\/\" \/>\n<meta property=\"og:site_name\" content=\"BEAT\u00ae Pilates Studio\" \/>\n<meta property=\"article:modified_time\" content=\"2024-07-12T17:52:03+00:00\" \/>\n<meta name=\"twitter:card\" content=\"summary_large_image\" \/>\n<meta name=\"twitter:label1\" content=\"Temps estimat de lectura\" \/>\n\t<meta name=\"twitter:data1\" content=\"2 minuts\" \/>\n<script type=\"application\/ld+json\" class=\"yoast-schema-graph\">{\"@context\":\"https:\/\/schema.org\",\"@graph\":[{\"@type\":\"WebPage\",\"@id\":\"https:\/\/beatpilates.com\/ca\/condicions-d-us\/\",\"url\":\"https:\/\/beatpilates.com\/ca\/condicions-d-us\/\",\"name\":\"Condicions d'\u00fas - BEAT\u00ae Pilates Studio\",\"isPartOf\":{\"@id\":\"https:\/\/beatpilates.com\/ca\/#website\"},\"datePublished\":\"2024-07-11T15:16:07+00:00\",\"dateModified\":\"2024-07-12T17:52:03+00:00\",\"breadcrumb\":{\"@id\":\"https:\/\/beatpilates.com\/ca\/condicions-d-us\/#breadcrumb\"},\"inLanguage\":\"ca\",\"potentialAction\":[{\"@type\":\"ReadAction\",\"target\":[\"https:\/\/beatpilates.com\/ca\/condicions-d-us\/\"]}]},{\"@type\":\"BreadcrumbList\",\"@id\":\"https:\/\/beatpilates.com\/ca\/condicions-d-us\/#breadcrumb\",\"itemListElement\":[{\"@type\":\"ListItem\",\"position\":1,\"name\":\"Portada\",\"item\":\"https:\/\/beatpilates.com\/ca\/\"},{\"@type\":\"ListItem\",\"position\":2,\"name\":\"Condicions d&#8217;\u00fas\"}]},{\"@type\":\"WebSite\",\"@id\":\"https:\/\/beatpilates.com\/ca\/#website\",\"url\":\"https:\/\/beatpilates.com\/ca\/\",\"name\":\"BEAT\u00ae Pilates Studio\",\"description\":\"Est\u00e1s a punto de aventurarte en un Beat\u00ae viaje incre\u00edble hacia un yo m\u00e1s fuerte, m\u00e1s saludable y lleno de energ\u00eda.\",\"publisher\":{\"@id\":\"https:\/\/beatpilates.com\/ca\/#organization\"},\"potentialAction\":[{\"@type\":\"SearchAction\",\"target\":{\"@type\":\"EntryPoint\",\"urlTemplate\":\"https:\/\/beatpilates.com\/ca\/?s={search_term_string}\"},\"query-input\":{\"@type\":\"PropertyValueSpecification\",\"valueRequired\":true,\"valueName\":\"search_term_string\"}}],\"inLanguage\":\"ca\"},{\"@type\":\"Organization\",\"@id\":\"https:\/\/beatpilates.com\/ca\/#organization\",\"name\":\"Beat\u00ae Pilates Studio\",\"url\":\"https:\/\/beatpilates.com\/ca\/\",\"logo\":{\"@type\":\"ImageObject\",\"inLanguage\":\"ca\",\"@id\":\"https:\/\/beatpilates.com\/ca\/#\/schema\/logo\/image\/\",\"url\":\"https:\/\/beatpilates.com\/wp-content\/uploads\/2024\/02\/logo-BEAT-2-.svg\",\"contentUrl\":\"https:\/\/beatpilates.com\/wp-content\/uploads\/2024\/02\/logo-BEAT-2-.svg\",\"width\":1,\"height\":1,\"caption\":\"Beat\u00ae Pilates Studio\"},\"image\":{\"@id\":\"https:\/\/beatpilates.com\/ca\/#\/schema\/logo\/image\/\"},\"sameAs\":[\"https:\/\/www.instagram.com\/beat.pilates\/\"]}]}<\/script>\n<!-- \/ Yoast SEO plugin. -->","yoast_head_json":{"title":"Condicions d'\u00fas - BEAT\u00ae Pilates Studio","robots":{"index":"index","follow":"follow","max-snippet":"max-snippet:-1","max-image-preview":"max-image-preview:large","max-video-preview":"max-video-preview:-1"},"canonical":"https:\/\/beatpilates.com\/ca\/condicions-d-us\/","og_locale":"ca_ES","og_type":"article","og_title":"Condicions d'\u00fas - BEAT\u00ae Pilates Studio","og_description":"QUINA DIFER\u00c8NCIA HI HA ENTRE UN MEMBERSHIP I UN PACK DE CLASSES? Els memberships consten d\u2019un nombre de classes recurrents [&hellip;]","og_url":"https:\/\/beatpilates.com\/ca\/condicions-d-us\/","og_site_name":"BEAT\u00ae Pilates Studio","article_modified_time":"2024-07-12T17:52:03+00:00","twitter_card":"summary_large_image","twitter_misc":{"Temps estimat de lectura":"2 minuts"},"schema":{"@context":"https:\/\/schema.org","@graph":[{"@type":"WebPage","@id":"https:\/\/beatpilates.com\/ca\/condicions-d-us\/","url":"https:\/\/beatpilates.com\/ca\/condicions-d-us\/","name":"Condicions d'\u00fas - BEAT\u00ae Pilates Studio","isPartOf":{"@id":"https:\/\/beatpilates.com\/ca\/#website"},"datePublished":"2024-07-11T15:16:07+00:00","dateModified":"2024-07-12T17:52:03+00:00","breadcrumb":{"@id":"https:\/\/beatpilates.com\/ca\/condicions-d-us\/#breadcrumb"},"inLanguage":"ca","potentialAction":[{"@type":"ReadAction","target":["https:\/\/beatpilates.com\/ca\/condicions-d-us\/"]}]},{"@type":"BreadcrumbList","@id":"https:\/\/beatpilates.com\/ca\/condicions-d-us\/#breadcrumb","itemListElement":[{"@type":"ListItem","position":1,"name":"Portada","item":"https:\/\/beatpilates.com\/ca\/"},{"@type":"ListItem","position":2,"name":"Condicions d&#8217;\u00fas"}]},{"@type":"WebSite","@id":"https:\/\/beatpilates.com\/ca\/#website","url":"https:\/\/beatpilates.com\/ca\/","name":"BEAT\u00ae Pilates Studio","description":"Est\u00e1s a punto de aventurarte en un Beat\u00ae viaje incre\u00edble hacia un yo m\u00e1s fuerte, m\u00e1s saludable y lleno de energ\u00eda.","publisher":{"@id":"https:\/\/beatpilates.com\/ca\/#organization"},"potentialAction":[{"@type":"SearchAction","target":{"@type":"EntryPoint","urlTemplate":"https:\/\/beatpilates.com\/ca\/?s={search_term_string}"},"query-input":{"@type":"PropertyValueSpecification","valueRequired":true,"valueName":"search_term_string"}}],"inLanguage":"ca"},{"@type":"Organization","@id":"https:\/\/beatpilates.com\/ca\/#organization","name":"Beat\u00ae Pilates Studio","url":"https:\/\/beatpilates.com\/ca\/","logo":{"@type":"ImageObject","inLanguage":"ca","@id":"https:\/\/beatpilates.com\/ca\/#\/schema\/logo\/image\/","url":"https:\/\/beatpilates.com\/wp-content\/uploads\/2024\/02\/logo-BEAT-2-.svg","contentUrl":"https:\/\/beatpilates.com\/wp-content\/uploads\/2024\/02\/logo-BEAT-2-.svg","width":1,"height":1,"caption":"Beat\u00ae Pilates Studio"},"image":{"@id":"https:\/\/beatpilates.com\/ca\/#\/schema\/logo\/image\/"},"sameAs":["https:\/\/www.instagram.com\/beat.pilates\/"]}]}},"_links":{"self":[{"href":"https:\/\/beatpilates.com\/ca\/wp-json\/wp\/v2\/pages\/131438","targetHints":{"allow":["GET"]}}],"collection":[{"href":"https:\/\/beatpilates.com\/ca\/wp-json\/wp\/v2\/pages"}],"about":[{"href":"https:\/\/beatpilates.com\/ca\/wp-json\/wp\/v2\/types\/page"}],"author":[{"embeddable":true,"href":"https:\/\/beatpilates.com\/ca\/wp-json\/wp\/v2\/users\/1"}],"replies":[{"embeddable":true,"href":"https:\/\/beatpilates.com\/ca\/wp-json\/wp\/v2\/comments?post=131438"}],"version-history":[{"count":4,"href":"https:\/\/beatpilates.com\/ca\/wp-json\/wp\/v2\/pages\/131438\/revisions"}],"predecessor-version":[{"id":131460,"href":"https:\/\/beatpilates.com\/ca\/wp-json\/wp\/v2\/pages\/131438\/revisions\/131460"}],"wp:attachment":[{"href":"https:\/\/beatpilates.com\/ca\/wp-json\/wp\/v2\/media?parent=131438"}],"curies":[{"name":"wp","href":"https:\/\/api.w.org\/{rel}","templated":true}]}}