{"id":131383,"date":"2024-07-11T14:19:25","date_gmt":"2024-07-11T12:19:25","guid":{"rendered":"https:\/\/beatpilates.com\/aviso-legal\/"},"modified":"2024-07-12T12:30:25","modified_gmt":"2024-07-12T10:30:25","slug":"avis-legal","status":"publish","type":"page","link":"https:\/\/beatpilates.com\/ca\/avis-legal\/","title":{"rendered":"Av\u00eds legal"},"content":{"rendered":"<p>En compliment amb el deure d\u2019informaci\u00f3 recollit en l\u00b4article 10 de la Llei 34\/2002, d\u201911 de juliol, de<\/p>\n<p>Serveis de la Societat de la Informaci\u00f3 i del Comer\u00e7 Electr\u00f2nic, IRENE MOLINA MARQUEZ (BEAT PILATES STUDIO), l\u2019informa que les dades aqu\u00ed consignades corresponen a l\u2019entitat titular del lloc web beatpilates.com.<\/p>\n<p><strong>Denominaci\u00f3<\/strong>: IRENE MOLINA MARQUEZ<\/p>\n<p><strong>Domicili<\/strong>: CL. VINYALS 16 , 08221 TERRASSA (BARCELONA)<\/p>\n<p><strong>Tel\u00e8fon<\/strong>: 634409519<\/p>\n<p><strong>Mail<\/strong>: hola@beatpilates.com<\/p>\n<p><strong>CIF<\/strong>: 47279300V<\/p>\n<h2>Propietat intel\u00b7lectual i industrial<\/h2>\n<p>Tots els drets de Propietat Industrial i Intel\u00b7lectual de la totalitat d\u2019elements continguts en aquest lloc web, inclosos els formats, dissenys gr\u00e0fics, texts, imatges i documents, pertanyen a BEAT PILATES STUDIO o a la persona f\u00edsica, jur\u00eddica, organisme o entitat que n\u2019ostenta la titularitat i estan protegits per les Lleis espanyoles i internacionals sobre propietat Intel\u00b7lectual i Industrial. Tanmateix totes les marques i noms comercials contingudes en aquest lloc web pertanyen a BEAT PILATES STUDIO, o a la persona f\u00edsica, jur\u00eddica, organisme o entitat que n\u2019ostenti la titularitat del signe distintiu i es troben igualment protegides per les lleis espanyoles i internacionals sobre propietat Intel\u00b7lectual i Industrial. Est\u00e0 expressament prohibida la reproducci\u00f3 total o parcial d\u2019aquest lloc Web i de qualsevol dels seus continguts sense comptar amb l\u2019autoritzaci\u00f3 expressa i per escrit de BEAT PILATES STUDIO o del titular de les mateixes.<\/p>\n<p>L\u2019acc\u00e9s al lloc web no implica cap mena de ren\u00fancia, transmissi\u00f3, llic\u00e8ncia o cessi\u00f3 d\u2019aquests drets per part de BEAT PILATES STUDIO o dels titulars que ostenten els drets de propietat intel\u00b7lectual o industrial, excepte que s\u2019estableixi el contrari de forma expressa.<\/p>\n<h2>Condicions d\u2019\u00fas<\/h2>\n<p>L\u2019acc\u00e9s a aquest lloc Web implica l\u2019acceptaci\u00f3 sense reserves d\u2019aquestes condicions d\u2019\u00fas que regulen el seu acc\u00e9s i utilitzaci\u00f3 amb la finalitat de posar a disposici\u00f3 dels usuaris informaci\u00f3 sobre els nostres productes i serveis.<\/p>\n<p>Est\u00e0 expressament prohibit l\u2019\u00fas dels continguts d\u2019aquest lloc Web per a finalitats comercials o per a la seva distribuci\u00f3, transformaci\u00f3 o comunicaci\u00f3.<\/p>\n<p>BEAT PILATES STUDIO, no respondr\u00e0 de les possibles conseq\u00fc\u00e8ncies, danys o perjudicis que se\u2019n puguin derivar d\u2019aquesta utilitzaci\u00f3 o \u00fas de la informaci\u00f3.<\/p>\n<p>Tant l\u2019acc\u00e9s a aquesta Web com l\u2019\u00fas que es pugui fer de la informaci\u00f3 continguda en la mateixa, \u00e9s de l\u2019exclusiva responsabilitat de qui el realitza.<\/p>\n<p>L\u2019usuari s\u2019obliga a no fer servir la informaci\u00f3 publicada a aquesta Web amb finalitats o efectes il\u00b7l\u00edcits o lesius, a no danyar o inutilitzar la informaci\u00f3 i a no realitzar qualsevol altra acci\u00f3 que pugui \u00e9sser contr\u00e0ria al contingut d\u2019aquest Av\u00eds Legal.<\/p>\n<p>BEAT PILATES STUDIO es reserva el dret a modificar el contingut de la oferta comercial dels seus productes i serveis quan ho consideri oport\u00fa i a mantenir el seu contingut actualitzat.<\/p>\n<p>BEAT PILATES STUDIO no pot assegurar la inexist\u00e8ncia d\u2019interrupcions o errades a l\u2019acc\u00e9s a aquest lloc Web, tot i que far\u00e0 tots els esfor\u00e7os possibles per tal d\u2019evitar-los.<\/p>\n<h2>Enlla\u00e7os a altres webs<\/h2>\n<p>Els enlla\u00e7os (links) que pugui trobar en aquest lloc Web s\u00f3n un servei als usuaris. Aquestes p\u00e0gines no s\u00f3n gestionades ni controlades per BEAT PILATES STUDIO, per aquest motiu, no es fa responsable dels continguts d\u2019aquests llocs Web ni aquests estan regulats pel present Av\u00eds Legal. Si accedeix a aquestes p\u00e0gines Web haur\u00e0 de tenir en compte que les seves pol\u00edtiques de privacitat poden ser diferents a la nostra.<\/p>\n<p><strong>Legislaci\u00f3 aplicable i compet\u00e8ncia jurisdiccional.<\/strong><\/p>\n<p>El present Av\u00eds Legal es regeix per la normativa espanyola vigent que li \u00e9s aplicable.<\/p>\n<p>Per a la resoluci\u00f3 de les controv\u00e8rsies que poguessin derivar-se com a conseq\u00fc\u00e8ncia del que es disposa en les presents disposicions i sobre la seva interpretaci\u00f3, aplicaci\u00f3 i compliment, les parts es sotmeten al fur corresponent al domicili de l\u2019usuari.<\/p>\n","protected":false},"excerpt":{"rendered":"<p>En compliment amb el deure d\u2019informaci\u00f3 recollit en l\u00b4article 10 de la Llei 34\/2002, d\u201911 de juliol, de Serveis de [&hellip;]<\/p>\n","protected":false},"author":1,"featured_media":0,"parent":0,"menu_order":0,"comment_status":"closed","ping_status":"closed","template":"","meta":{"footnotes":""},"class_list":["post-131383","page","type-page","status-publish","hentry"],"yoast_head":"<!-- This site is optimized with the Yoast SEO plugin v24.0 - https:\/\/yoast.com\/wordpress\/plugins\/seo\/ -->\n<title>Av\u00eds legal - BEAT\u00ae Pilates Studio<\/title>\n<meta name=\"robots\" content=\"index, follow, max-snippet:-1, max-image-preview:large, max-video-preview:-1\" \/>\n<link rel=\"canonical\" href=\"https:\/\/beatpilates.com\/ca\/avis-legal\/\" \/>\n<meta property=\"og:locale\" content=\"ca_ES\" \/>\n<meta property=\"og:type\" content=\"article\" \/>\n<meta property=\"og:title\" content=\"Av\u00eds legal - BEAT\u00ae Pilates Studio\" \/>\n<meta property=\"og:description\" content=\"En compliment amb el deure d\u2019informaci\u00f3 recollit en l\u00b4article 10 de la Llei 34\/2002, d\u201911 de juliol, de Serveis de [&hellip;]\" \/>\n<meta property=\"og:url\" content=\"https:\/\/beatpilates.com\/ca\/avis-legal\/\" \/>\n<meta property=\"og:site_name\" content=\"BEAT\u00ae Pilates Studio\" \/>\n<meta property=\"article:modified_time\" content=\"2024-07-12T10:30:25+00:00\" \/>\n<meta name=\"twitter:card\" content=\"summary_large_image\" \/>\n<meta name=\"twitter:label1\" content=\"Temps estimat de lectura\" \/>\n\t<meta name=\"twitter:data1\" content=\"3 minuts\" \/>\n<script type=\"application\/ld+json\" class=\"yoast-schema-graph\">{\"@context\":\"https:\/\/schema.org\",\"@graph\":[{\"@type\":\"WebPage\",\"@id\":\"https:\/\/beatpilates.com\/ca\/avis-legal\/\",\"url\":\"https:\/\/beatpilates.com\/ca\/avis-legal\/\",\"name\":\"Av\u00eds legal - BEAT\u00ae Pilates Studio\",\"isPartOf\":{\"@id\":\"https:\/\/beatpilates.com\/ca\/#website\"},\"datePublished\":\"2024-07-11T12:19:25+00:00\",\"dateModified\":\"2024-07-12T10:30:25+00:00\",\"breadcrumb\":{\"@id\":\"https:\/\/beatpilates.com\/ca\/avis-legal\/#breadcrumb\"},\"inLanguage\":\"ca\",\"potentialAction\":[{\"@type\":\"ReadAction\",\"target\":[\"https:\/\/beatpilates.com\/ca\/avis-legal\/\"]}]},{\"@type\":\"BreadcrumbList\",\"@id\":\"https:\/\/beatpilates.com\/ca\/avis-legal\/#breadcrumb\",\"itemListElement\":[{\"@type\":\"ListItem\",\"position\":1,\"name\":\"Portada\",\"item\":\"https:\/\/beatpilates.com\/ca\/\"},{\"@type\":\"ListItem\",\"position\":2,\"name\":\"Av\u00eds legal\"}]},{\"@type\":\"WebSite\",\"@id\":\"https:\/\/beatpilates.com\/ca\/#website\",\"url\":\"https:\/\/beatpilates.com\/ca\/\",\"name\":\"BEAT\u00ae Pilates Studio\",\"description\":\"Est\u00e1s a punto de aventurarte en un Beat\u00ae viaje incre\u00edble hacia un yo m\u00e1s fuerte, m\u00e1s saludable y lleno de energ\u00eda.\",\"publisher\":{\"@id\":\"https:\/\/beatpilates.com\/ca\/#organization\"},\"potentialAction\":[{\"@type\":\"SearchAction\",\"target\":{\"@type\":\"EntryPoint\",\"urlTemplate\":\"https:\/\/beatpilates.com\/ca\/?s={search_term_string}\"},\"query-input\":{\"@type\":\"PropertyValueSpecification\",\"valueRequired\":true,\"valueName\":\"search_term_string\"}}],\"inLanguage\":\"ca\"},{\"@type\":\"Organization\",\"@id\":\"https:\/\/beatpilates.com\/ca\/#organization\",\"name\":\"Beat\u00ae Pilates Studio\",\"url\":\"https:\/\/beatpilates.com\/ca\/\",\"logo\":{\"@type\":\"ImageObject\",\"inLanguage\":\"ca\",\"@id\":\"https:\/\/beatpilates.com\/ca\/#\/schema\/logo\/image\/\",\"url\":\"https:\/\/beatpilates.com\/wp-content\/uploads\/2024\/02\/logo-BEAT-2-.svg\",\"contentUrl\":\"https:\/\/beatpilates.com\/wp-content\/uploads\/2024\/02\/logo-BEAT-2-.svg\",\"width\":1,\"height\":1,\"caption\":\"Beat\u00ae Pilates Studio\"},\"image\":{\"@id\":\"https:\/\/beatpilates.com\/ca\/#\/schema\/logo\/image\/\"},\"sameAs\":[\"https:\/\/www.instagram.com\/beat.pilates\/\"]}]}<\/script>\n<!-- \/ Yoast SEO plugin. -->","yoast_head_json":{"title":"Av\u00eds legal - BEAT\u00ae Pilates Studio","robots":{"index":"index","follow":"follow","max-snippet":"max-snippet:-1","max-image-preview":"max-image-preview:large","max-video-preview":"max-video-preview:-1"},"canonical":"https:\/\/beatpilates.com\/ca\/avis-legal\/","og_locale":"ca_ES","og_type":"article","og_title":"Av\u00eds legal - BEAT\u00ae Pilates Studio","og_description":"En compliment amb el deure d\u2019informaci\u00f3 recollit en l\u00b4article 10 de la Llei 34\/2002, d\u201911 de juliol, de Serveis de [&hellip;]","og_url":"https:\/\/beatpilates.com\/ca\/avis-legal\/","og_site_name":"BEAT\u00ae Pilates Studio","article_modified_time":"2024-07-12T10:30:25+00:00","twitter_card":"summary_large_image","twitter_misc":{"Temps estimat de lectura":"3 minuts"},"schema":{"@context":"https:\/\/schema.org","@graph":[{"@type":"WebPage","@id":"https:\/\/beatpilates.com\/ca\/avis-legal\/","url":"https:\/\/beatpilates.com\/ca\/avis-legal\/","name":"Av\u00eds legal - BEAT\u00ae Pilates Studio","isPartOf":{"@id":"https:\/\/beatpilates.com\/ca\/#website"},"datePublished":"2024-07-11T12:19:25+00:00","dateModified":"2024-07-12T10:30:25+00:00","breadcrumb":{"@id":"https:\/\/beatpilates.com\/ca\/avis-legal\/#breadcrumb"},"inLanguage":"ca","potentialAction":[{"@type":"ReadAction","target":["https:\/\/beatpilates.com\/ca\/avis-legal\/"]}]},{"@type":"BreadcrumbList","@id":"https:\/\/beatpilates.com\/ca\/avis-legal\/#breadcrumb","itemListElement":[{"@type":"ListItem","position":1,"name":"Portada","item":"https:\/\/beatpilates.com\/ca\/"},{"@type":"ListItem","position":2,"name":"Av\u00eds legal"}]},{"@type":"WebSite","@id":"https:\/\/beatpilates.com\/ca\/#website","url":"https:\/\/beatpilates.com\/ca\/","name":"BEAT\u00ae Pilates Studio","description":"Est\u00e1s a punto de aventurarte en un Beat\u00ae viaje incre\u00edble hacia un yo m\u00e1s fuerte, m\u00e1s saludable y lleno de energ\u00eda.","publisher":{"@id":"https:\/\/beatpilates.com\/ca\/#organization"},"potentialAction":[{"@type":"SearchAction","target":{"@type":"EntryPoint","urlTemplate":"https:\/\/beatpilates.com\/ca\/?s={search_term_string}"},"query-input":{"@type":"PropertyValueSpecification","valueRequired":true,"valueName":"search_term_string"}}],"inLanguage":"ca"},{"@type":"Organization","@id":"https:\/\/beatpilates.com\/ca\/#organization","name":"Beat\u00ae Pilates Studio","url":"https:\/\/beatpilates.com\/ca\/","logo":{"@type":"ImageObject","inLanguage":"ca","@id":"https:\/\/beatpilates.com\/ca\/#\/schema\/logo\/image\/","url":"https:\/\/beatpilates.com\/wp-content\/uploads\/2024\/02\/logo-BEAT-2-.svg","contentUrl":"https:\/\/beatpilates.com\/wp-content\/uploads\/2024\/02\/logo-BEAT-2-.svg","width":1,"height":1,"caption":"Beat\u00ae Pilates Studio"},"image":{"@id":"https:\/\/beatpilates.com\/ca\/#\/schema\/logo\/image\/"},"sameAs":["https:\/\/www.instagram.com\/beat.pilates\/"]}]}},"_links":{"self":[{"href":"https:\/\/beatpilates.com\/ca\/wp-json\/wp\/v2\/pages\/131383","targetHints":{"allow":["GET"]}}],"collection":[{"href":"https:\/\/beatpilates.com\/ca\/wp-json\/wp\/v2\/pages"}],"about":[{"href":"https:\/\/beatpilates.com\/ca\/wp-json\/wp\/v2\/types\/page"}],"author":[{"embeddable":true,"href":"https:\/\/beatpilates.com\/ca\/wp-json\/wp\/v2\/users\/1"}],"replies":[{"embeddable":true,"href":"https:\/\/beatpilates.com\/ca\/wp-json\/wp\/v2\/comments?post=131383"}],"version-history":[{"count":1,"href":"https:\/\/beatpilates.com\/ca\/wp-json\/wp\/v2\/pages\/131383\/revisions"}],"predecessor-version":[{"id":131386,"href":"https:\/\/beatpilates.com\/ca\/wp-json\/wp\/v2\/pages\/131383\/revisions\/131386"}],"wp:attachment":[{"href":"https:\/\/beatpilates.com\/ca\/wp-json\/wp\/v2\/media?parent=131383"}],"curies":[{"name":"wp","href":"https:\/\/api.w.org\/{rel}","templated":true}]}}