{"id":131382,"date":"2024-02-13T13:32:42","date_gmt":"2024-02-13T12:32:42","guid":{"rendered":"https:\/\/beatpilates.com\/politica-de-privacidad\/"},"modified":"2024-07-12T12:30:35","modified_gmt":"2024-07-12T10:30:35","slug":"politica-de-privacitat","status":"publish","type":"page","link":"https:\/\/beatpilates.com\/ca\/politica-de-privacitat\/","title":{"rendered":"Pol\u00edtica de privacitat"},"content":{"rendered":"\r\n<p>En compliment del REGLAMENT (UE) 2016\/679 DEL PARLAMENT EUROPEU I DEL CONSELL de 27 d\u2019Abril de 2016, relatiu a la protecci\u00f3 de les persones f\u00edsiques pel que fa al tractament de dades personals i a la lliure circulaci\u00f3 d\u2019aquestes dades i a Llei Org\u00e0nica 3\/2018, de 5 de desembre, de Protecci\u00f3 de Dades Personals i garantia dels drets digitals, l\u2019informem que les dades personals proporcionades per vost\u00e8 a trav\u00e9s del lloc web beatpilates.com (d\u2019ara endavant el lloc web), seran tractades en els seg\u00fcents termes:<\/p>\r\n<h2 class=\"wp-block-heading\">Responsable del tractament<\/h2>\r\n<p>Les dades personals recollides a trav\u00e9s d\u2019aquest lloc web seran tractades per IRENE MOLINA MARQUEZ, amb domicili per a l\u2019exercici de drets a CL. VINYALS, 16 &#8211; 08221 TERRASSA (Barcelona). E-mail: hola@beatpilates.com.<\/p>\r\n<h2>Finalitats del tractament<\/h2>\r\n<p>Mantenir-lo informat sobre els nostres productes i serveis, quan aix\u00ed ens ho sol\u00b7liciti a trav\u00e9s dels formularis del lloc web o per correu electr\u00f2nic.<\/p>\r\n<p>Donar resposta i gestionar les seves consultes, comentaris i suggeriments, si s\u2019escau.<\/p>\r\n<p>Gestionar la seva participaci\u00f3 en presents i futurs processos de selecci\u00f3, en cas que ens faci arribar les seves dades (incl\u00f2s el seu curr\u00edculum) amb aquesta finalitat.<\/p>\r\n<p>Obtenir informaci\u00f3 sobre l\u2019\u00fas del lloc web, analitzant el nombre de p\u00e0gines visitades, el nombre de visites, aix\u00ed com l\u2019activitat dels visitants i la seva freq\u00fc\u00e8ncia d\u2019\u00fas. A aquest efecte, el RESPONSABLE utilitza informaci\u00f3 estad\u00edstica elaborada pel Prove\u00efdor de Serveis d\u2019Internet que no permet la identificaci\u00f3 de l\u2019interessat en cap moment.<\/p>\r\n<h2>Legitimaci\u00f3<\/h2>\r\n<p><u>Consentiment<\/u>. Les dades personals obtingudes a trav\u00e9s dels formularis del lloc web seran tractades \u00fanicament en base al consentiment atorgat per l\u2019interessat, a trav\u00e9s de l\u2019acceptaci\u00f3 de la casella disposada per a ta fi. Aquest consentiment pot ser retirat en qualsevol moment.<\/p>\r\n<p><u>Inter\u00e8s leg\u00edtim del responsable<\/u>. La informaci\u00f3 estad\u00edstica obtinguda del lloc web ser\u00e0 tractada sobre la base de l\u2019inter\u00e8s leg\u00edtim del responsable. Aquesta informaci\u00f3 no permet identificar a l\u2019usuari.<\/p>\r\n<h2>Destinataris<\/h2>\r\n<p>Les dades personals obtingudes a trav\u00e9s del lloc web no seran comunicades a tercers, excepte obligaci\u00f3 legal.<\/p>\r\n<h2>Conservaci\u00f3<\/h2>\r\n<p>Les dades personals facilitades per l\u2019usuari per rebre comunicacions comercials, seran conservades mentre l\u2019interessat no sol\u00b7liciti la seva supressi\u00f3 o retiri el seu consentiment.<\/p>\r\n<p>Quan l\u2019usuari envi\u00ef les seves dades personals per participar en processos de selecci\u00f3 del RESPONSABLE, les dades seran tractades per participar en els processos de selecci\u00f3 oberts en aquell moment., En cas que la seva candidatura no resulti seleccionada, es conservaran les seves dades durant un per\u00edode de dos anys amb la finalitat de poder comptar amb la seva participaci\u00f3 en futurs processos de selecci\u00f3.<\/p>\r\n<p>Quan l\u2019usuari envi\u00ef les seves dades per contactar amb el RESPONSABLE, realitzar consultes o suggeriments, les dades es conservaran mentre siguin necess\u00e0ries per a tal fi i puguin derivar-se responsabilitats del tractament realitzat.<\/p>\r\n<p>Les dades estad\u00edstiques derivades de l\u2019an\u00e0lisi del tr\u00e0nsit i visites al nostre lloc web seran conservades durant un termini de tres anys.<\/p>\r\n<h2>Drets<\/h2>\r\n<p>Pot exercir els drets d\u2019acc\u00e9s, rectificaci\u00f3, supressi\u00f3 i portabilitat de les seves dades, de limitaci\u00f3 i oposici\u00f3 al seu tractament, mitjan\u00e7ant escrit adre\u00e7at a CL. VINYALS, 16 &#8211; 08221 TERRASSA (Barcelona). E-mail: hola@beatpilates.com. En cas de disconformitat amb el tractament, tamb\u00e9 t\u00e9 dret a presentar una reclamaci\u00f3 davant l\u2019Ag\u00e8ncia Espanyola de Protecci\u00f3 de Dades (<a href=\"http:\/\/www.aepd.es\">www.aepd.es<\/a>).<\/p>\r\n<h2>Pol\u00edtica de protecci\u00f3 de menors<\/h2>\r\n<p>Qui facilita les dades a trav\u00e9s dels formularis d\u2019aquesta Web i accepta el seu tractament declara formalment ser major de 14 anys.<\/p>\r\n<p>Queda prohibit l\u2019acc\u00e9s i l\u2019\u00fas del lloc web a menors de 14 anys d\u2019edat.<\/p>\r\n<p>El RESPONSABLE recorda a les persones majors d\u2019edat que tinguin al seu c\u00e0rrec a menors, que ser\u00e0 de la seva exclusiva responsabilitat si algun menor incorpora les seves dades per sol\u00b7licitar algun producte o servei.<\/p>\r\n<p>Tamb\u00e9 els informa que existeixen programes inform\u00e0tics per acotar la navegaci\u00f3 mitjan\u00e7ant el filtre o bloqueig a determinats continguts.<\/p>\r\n<h2>Tractament derivat de l\u2019\u00fas de les xarxes socials<\/h2>\r\n<p>En seguir el nostre perfil a les diferents xarxes socials que emprem l\u2019usuari ha donat el seu consentiment per al tractament de les seves dades personals conforme a la pol\u00edtica de privacitat de la corresponent xarxa social. Igualment, l\u2019usuari consent expressament l\u2019acc\u00e9s i tractament de les dades contingudes al seu perfil per part del RESPONSABLE i que les not\u00edcies publicades sobre els productes i serveis oferts pel RESPONSABLE apareguin al seu mur. La petici\u00f3 de l\u2019usuari per connectar amb el RESPONSABLE, implica necess\u00e0riament el seu consentiment per als tractaments assenyalats, \u00e9ssent aquesta la base legal del tractament. Les dades es conservaran mentre l\u2019interessat no sol\u00b7liciti la seva oposici\u00f3 o retiri el seu consentiment, podent-ho fer en qualsevol moment.<\/p>\r\n<p>Els comentaris i continguts publicats a les xarxes socials es convertiran en informaci\u00f3 p\u00fablica, per la qual cosa els usuaris hauran de tenir especial cautela quan decideixin compartir la seva informaci\u00f3 personal. El RESPONSABLE no es fa responsable de la informaci\u00f3 que els usuaris incorporin a les xarxes socials que gestiona. No obstant aix\u00f2, les persones, les dades de les quals es trobin publicades o incloses a comentaris, podran sol\u00b7licitar al RESPONSABLE la cancel\u00b7laci\u00f3 d\u2019aquestes.<\/p>\r\n","protected":false},"excerpt":{"rendered":"<p>En compliment del REGLAMENT (UE) 2016\/679 DEL PARLAMENT EUROPEU I DEL CONSELL de 27 d\u2019Abril de 2016, relatiu a la [&hellip;]<\/p>\n","protected":false},"author":1,"featured_media":0,"parent":0,"menu_order":0,"comment_status":"closed","ping_status":"open","template":"","meta":{"footnotes":""},"class_list":["post-131382","page","type-page","status-publish","hentry"],"yoast_head":"<!-- This site is optimized with the Yoast SEO plugin v24.0 - https:\/\/yoast.com\/wordpress\/plugins\/seo\/ -->\n<title>Pol\u00edtica de privacitat - BEAT\u00ae Pilates Studio<\/title>\n<meta name=\"robots\" content=\"index, follow, max-snippet:-1, max-image-preview:large, max-video-preview:-1\" \/>\n<link rel=\"canonical\" href=\"https:\/\/beatpilates.com\/ca\/politica-de-privacitat\/\" \/>\n<meta property=\"og:locale\" content=\"ca_ES\" \/>\n<meta property=\"og:type\" content=\"article\" \/>\n<meta property=\"og:title\" content=\"Pol\u00edtica de privacitat - BEAT\u00ae Pilates Studio\" \/>\n<meta property=\"og:description\" content=\"En compliment del REGLAMENT (UE) 2016\/679 DEL PARLAMENT EUROPEU I DEL CONSELL de 27 d\u2019Abril de 2016, relatiu a la [&hellip;]\" \/>\n<meta property=\"og:url\" content=\"https:\/\/beatpilates.com\/ca\/politica-de-privacitat\/\" \/>\n<meta property=\"og:site_name\" content=\"BEAT\u00ae Pilates Studio\" \/>\n<meta property=\"article:modified_time\" content=\"2024-07-12T10:30:35+00:00\" \/>\n<meta name=\"twitter:card\" content=\"summary_large_image\" \/>\n<meta name=\"twitter:label1\" content=\"Temps estimat de lectura\" \/>\n\t<meta name=\"twitter:data1\" content=\"4 minuts\" \/>\n<script type=\"application\/ld+json\" class=\"yoast-schema-graph\">{\"@context\":\"https:\/\/schema.org\",\"@graph\":[{\"@type\":\"WebPage\",\"@id\":\"https:\/\/beatpilates.com\/ca\/politica-de-privacitat\/\",\"url\":\"https:\/\/beatpilates.com\/ca\/politica-de-privacitat\/\",\"name\":\"Pol\u00edtica de privacitat - BEAT\u00ae Pilates Studio\",\"isPartOf\":{\"@id\":\"https:\/\/beatpilates.com\/ca\/#website\"},\"datePublished\":\"2024-02-13T12:32:42+00:00\",\"dateModified\":\"2024-07-12T10:30:35+00:00\",\"breadcrumb\":{\"@id\":\"https:\/\/beatpilates.com\/ca\/politica-de-privacitat\/#breadcrumb\"},\"inLanguage\":\"ca\",\"potentialAction\":[{\"@type\":\"ReadAction\",\"target\":[\"https:\/\/beatpilates.com\/ca\/politica-de-privacitat\/\"]}]},{\"@type\":\"BreadcrumbList\",\"@id\":\"https:\/\/beatpilates.com\/ca\/politica-de-privacitat\/#breadcrumb\",\"itemListElement\":[{\"@type\":\"ListItem\",\"position\":1,\"name\":\"Portada\",\"item\":\"https:\/\/beatpilates.com\/ca\/\"},{\"@type\":\"ListItem\",\"position\":2,\"name\":\"Pol\u00edtica de privacitat\"}]},{\"@type\":\"WebSite\",\"@id\":\"https:\/\/beatpilates.com\/ca\/#website\",\"url\":\"https:\/\/beatpilates.com\/ca\/\",\"name\":\"BEAT\u00ae Pilates Studio\",\"description\":\"Est\u00e1s a punto de aventurarte en un Beat\u00ae viaje incre\u00edble hacia un yo m\u00e1s fuerte, m\u00e1s saludable y lleno de energ\u00eda.\",\"publisher\":{\"@id\":\"https:\/\/beatpilates.com\/ca\/#organization\"},\"potentialAction\":[{\"@type\":\"SearchAction\",\"target\":{\"@type\":\"EntryPoint\",\"urlTemplate\":\"https:\/\/beatpilates.com\/ca\/?s={search_term_string}\"},\"query-input\":{\"@type\":\"PropertyValueSpecification\",\"valueRequired\":true,\"valueName\":\"search_term_string\"}}],\"inLanguage\":\"ca\"},{\"@type\":\"Organization\",\"@id\":\"https:\/\/beatpilates.com\/ca\/#organization\",\"name\":\"Beat\u00ae Pilates Studio\",\"url\":\"https:\/\/beatpilates.com\/ca\/\",\"logo\":{\"@type\":\"ImageObject\",\"inLanguage\":\"ca\",\"@id\":\"https:\/\/beatpilates.com\/ca\/#\/schema\/logo\/image\/\",\"url\":\"https:\/\/beatpilates.com\/wp-content\/uploads\/2024\/02\/logo-BEAT-2-.svg\",\"contentUrl\":\"https:\/\/beatpilates.com\/wp-content\/uploads\/2024\/02\/logo-BEAT-2-.svg\",\"width\":1,\"height\":1,\"caption\":\"Beat\u00ae Pilates Studio\"},\"image\":{\"@id\":\"https:\/\/beatpilates.com\/ca\/#\/schema\/logo\/image\/\"},\"sameAs\":[\"https:\/\/www.instagram.com\/beat.pilates\/\"]}]}<\/script>\n<!-- \/ Yoast SEO plugin. -->","yoast_head_json":{"title":"Pol\u00edtica de privacitat - BEAT\u00ae Pilates Studio","robots":{"index":"index","follow":"follow","max-snippet":"max-snippet:-1","max-image-preview":"max-image-preview:large","max-video-preview":"max-video-preview:-1"},"canonical":"https:\/\/beatpilates.com\/ca\/politica-de-privacitat\/","og_locale":"ca_ES","og_type":"article","og_title":"Pol\u00edtica de privacitat - BEAT\u00ae Pilates Studio","og_description":"En compliment del REGLAMENT (UE) 2016\/679 DEL PARLAMENT EUROPEU I DEL CONSELL de 27 d\u2019Abril de 2016, relatiu a la [&hellip;]","og_url":"https:\/\/beatpilates.com\/ca\/politica-de-privacitat\/","og_site_name":"BEAT\u00ae Pilates Studio","article_modified_time":"2024-07-12T10:30:35+00:00","twitter_card":"summary_large_image","twitter_misc":{"Temps estimat de lectura":"4 minuts"},"schema":{"@context":"https:\/\/schema.org","@graph":[{"@type":"WebPage","@id":"https:\/\/beatpilates.com\/ca\/politica-de-privacitat\/","url":"https:\/\/beatpilates.com\/ca\/politica-de-privacitat\/","name":"Pol\u00edtica de privacitat - BEAT\u00ae Pilates Studio","isPartOf":{"@id":"https:\/\/beatpilates.com\/ca\/#website"},"datePublished":"2024-02-13T12:32:42+00:00","dateModified":"2024-07-12T10:30:35+00:00","breadcrumb":{"@id":"https:\/\/beatpilates.com\/ca\/politica-de-privacitat\/#breadcrumb"},"inLanguage":"ca","potentialAction":[{"@type":"ReadAction","target":["https:\/\/beatpilates.com\/ca\/politica-de-privacitat\/"]}]},{"@type":"BreadcrumbList","@id":"https:\/\/beatpilates.com\/ca\/politica-de-privacitat\/#breadcrumb","itemListElement":[{"@type":"ListItem","position":1,"name":"Portada","item":"https:\/\/beatpilates.com\/ca\/"},{"@type":"ListItem","position":2,"name":"Pol\u00edtica de privacitat"}]},{"@type":"WebSite","@id":"https:\/\/beatpilates.com\/ca\/#website","url":"https:\/\/beatpilates.com\/ca\/","name":"BEAT\u00ae Pilates Studio","description":"Est\u00e1s a punto de aventurarte en un Beat\u00ae viaje incre\u00edble hacia un yo m\u00e1s fuerte, m\u00e1s saludable y lleno de energ\u00eda.","publisher":{"@id":"https:\/\/beatpilates.com\/ca\/#organization"},"potentialAction":[{"@type":"SearchAction","target":{"@type":"EntryPoint","urlTemplate":"https:\/\/beatpilates.com\/ca\/?s={search_term_string}"},"query-input":{"@type":"PropertyValueSpecification","valueRequired":true,"valueName":"search_term_string"}}],"inLanguage":"ca"},{"@type":"Organization","@id":"https:\/\/beatpilates.com\/ca\/#organization","name":"Beat\u00ae Pilates Studio","url":"https:\/\/beatpilates.com\/ca\/","logo":{"@type":"ImageObject","inLanguage":"ca","@id":"https:\/\/beatpilates.com\/ca\/#\/schema\/logo\/image\/","url":"https:\/\/beatpilates.com\/wp-content\/uploads\/2024\/02\/logo-BEAT-2-.svg","contentUrl":"https:\/\/beatpilates.com\/wp-content\/uploads\/2024\/02\/logo-BEAT-2-.svg","width":1,"height":1,"caption":"Beat\u00ae Pilates Studio"},"image":{"@id":"https:\/\/beatpilates.com\/ca\/#\/schema\/logo\/image\/"},"sameAs":["https:\/\/www.instagram.com\/beat.pilates\/"]}]}},"_links":{"self":[{"href":"https:\/\/beatpilates.com\/ca\/wp-json\/wp\/v2\/pages\/131382","targetHints":{"allow":["GET"]}}],"collection":[{"href":"https:\/\/beatpilates.com\/ca\/wp-json\/wp\/v2\/pages"}],"about":[{"href":"https:\/\/beatpilates.com\/ca\/wp-json\/wp\/v2\/types\/page"}],"author":[{"embeddable":true,"href":"https:\/\/beatpilates.com\/ca\/wp-json\/wp\/v2\/users\/1"}],"replies":[{"embeddable":true,"href":"https:\/\/beatpilates.com\/ca\/wp-json\/wp\/v2\/comments?post=131382"}],"version-history":[{"count":2,"href":"https:\/\/beatpilates.com\/ca\/wp-json\/wp\/v2\/pages\/131382\/revisions"}],"predecessor-version":[{"id":131385,"href":"https:\/\/beatpilates.com\/ca\/wp-json\/wp\/v2\/pages\/131382\/revisions\/131385"}],"wp:attachment":[{"href":"https:\/\/beatpilates.com\/ca\/wp-json\/wp\/v2\/media?parent=131382"}],"curies":[{"name":"wp","href":"https:\/\/api.w.org\/{rel}","templated":true}]}}