{"id":131370,"date":"2024-05-21T11:37:27","date_gmt":"2024-05-21T09:37:27","guid":{"rendered":"https:\/\/beatpilates.com\/politica-de-cookies\/"},"modified":"2024-07-12T12:24:41","modified_gmt":"2024-07-12T10:24:41","slug":"politica-de-cookies","status":"publish","type":"page","link":"https:\/\/beatpilates.com\/ca\/politica-de-cookies\/","title":{"rendered":"Pol\u00edtica de cookies"},"content":{"rendered":"<p>Les cookies i altres tecnologies similars com ara local shared objects, flash cookies o p\u00edxels, s\u00f3n eines emprades pels servidors Web per emmagatzemar i recuperar informaci\u00f3 sobre els seus visitants, aix\u00ed com per oferir un correcte funcionament del lloc.<\/p>\n<p>Mitjan\u00e7ant l\u2019\u00fas d\u2019aquests dispositius es permet al servidor Web recordar algunes dades referents a l\u2019usuari, com les seves prefer\u00e8ncies per a la visualitzaci\u00f3 de les p\u00e0gines d\u2019aquest servidor, nom i contrasenya, productes que m\u00e9s li interessen, etc.<\/p>\n<p>&nbsp;<\/p>\n<h4><strong>COOKIES AFECTADES PER LA NORMATIVA I COOKIES EXCEPTUADES<\/strong><\/h4>\n<p>D\u2019acord amb la Llei 34\/2002, de 11 de juliol, de serveis de la societat de la informaci\u00f3 i de comer\u00e7 electr\u00f2nic (LSSI), en relaci\u00f3 amb el Reglament (UE) 2016\/679 de el Parlament Europeu i de Consell, de 27 de abril de 2016, General de Protecci\u00f3 de Dades (GDPR) i la Llei Org\u00e0nica 3\/2018, de 5 de desembre, de Protecci\u00f3 de Dades i Garantia dels Drets Digitals (LOPDGDD), \u00e9s obligat obtenir el consentiment expr\u00e9s de l\u2019usuari de totes les p\u00e0gines web que fan servir cookies prescindibles, abans que aquest navegui per elles.<\/p>\n<p>Segons la directiva de la UE, les cookies que requereixen el consentiment informat per part de l\u2019usuari s\u00f3n les cookies anal\u00edtiques i les de publicitat i afiliaci\u00f3, i queden exceptuades les de car\u00e0cter t\u00e8cnic i les necess\u00e0ries per al funcionament del lloc web o la prestaci\u00f3 de serveis expressament sol\u00b7licitats per l\u2019usuari.<\/p>\n<p>&nbsp;<\/p>\n<h4><strong>TIPUS DE COOKIES<\/strong><\/h4>\n<p><strong>SEGONS LA FINALITAT<\/strong><\/p>\n<p>Cookies <strong>t\u00e8cniques i funcionals<\/strong>: s\u00f3n les que permeten a l\u2019usuari navegar a trav\u00e9s d\u2019una p\u00e0gina web, plataforma o aplicaci\u00f3 i utilitzar les diferents opcions o serveis que hi hagi.<\/p>\n<p>Cookies <strong>d\u2019an\u00e0lisi<\/strong>: s\u00f3n les que permeten al responsable d\u2019aquestes monitoritzar i analitzar el comportament dels usuaris dels llocs web als quals estan vinculats. La informaci\u00f3 recollida mitjan\u00e7ant aquest tipus de cookies s\u2019utilitza en el mesurament de l\u2019activitat dels llocs web, aplicaci\u00f3 o plataforma i per elaborar perfils de navegaci\u00f3 dels usuaris d\u2019aquests llocs, aplicacions i plataformes, per tal d\u2019introduir millores en funci\u00f3 de l\u2019an\u00e0lisi de les dades d\u2019\u00fas que fan els usuaris del servei.<\/p>\n<p><strong>SEGONS LA PROPIETAT<\/strong><\/p>\n<p>Cookies<strong> pr\u00f2pies<\/strong>: s\u00f3n les que s\u2019envien a l\u2019equip terminal de l\u2019usuari des d\u2019un equip o domini gestionat pel propi editor i des del qual es proporciona el servei sol\u00b7licitat per l\u2019usuari.<\/p>\n<p>Cookies <strong>de tercers:<\/strong> s\u00f3n les que s\u2019envien a l\u2019equip terminal de l\u2019usuari des d\u2019un equip o domini que no \u00e9s gestionat per l\u2019editor, sin\u00f3 per una altra entitat que tracta les dades obtingudes mitjan\u00e7ant les cookies.<\/p>\n<p><strong>SEGONS EL TERMINI DE CONSERVACI\u00d3<\/strong><\/p>\n<p>Cookies<strong> de sessi\u00f3:<\/strong> s\u00f3n un tipus de cookies dissenyades per obtenir i emmagatzemar dades mentre l\u2019usuari accedeix a una p\u00e0gina web.<\/p>\n<p>Cookies<strong> persistents:<\/strong> s\u00f3n un tipus de cookies en qu\u00e8 les dades segueixen emmagatzemades en el<\/p>\n<p>terminal i poden ser accedides i tractades durant un per\u00edode definit pel responsable de la cookie, i que durar des d\u2019uns minuts a diversos anys.<\/p>\n<p>&nbsp;<\/p>\n<h4><strong>TRACTAMENT DE DADES PERSONALS<\/strong><\/h4>\n<p>IRENE MOLINA MARQUEZ \u00e9s el <strong>Responsable del tractament<\/strong> de les dades personals de l\u2019<strong>Interessat<\/strong> i l\u2019informa que aquestes dades es tractaran de conformitat amb el que estableix el Reglament (UE)<\/p>\n<p>2016\/679, de 27 d\u2019abril de 2016 (GDPR), per la qual cosa se li facilita la seg\u00fcent informaci\u00f3 del tractament:<\/p>\n<p><strong>Finalitats del tractament: <\/strong>segons s\u2019especifica en l\u2019apartat de cookies que s\u2019utilitzen en aquest lloc web.<\/p>\n<p><strong>Legitimaci\u00f3 del tractament<\/strong>: per consentiment de l\u2019interessat (art. 6.1.a GDPR).<\/p>\n<p><strong>Criteris de conservaci\u00f3 de les dades<\/strong>: segons s\u2019especifica en l\u2019apartat de cookies utilitzades al web.<\/p>\n<p><strong>Comunicaci\u00f3 de les dades<\/strong>: no es comunicaran les dades a tercers, excepte en cookies propietat de tercers o per obligaci\u00f3 legal.<\/p>\n<p><strong>Drets que t\u00e9 l\u2019Interessat<\/strong>:<\/p>\n<ul>\n<li>Dret a retirar el consentiment en qualsevol moment.<\/li>\n<li>Dret d\u2019acc\u00e9s, rectificaci\u00f3, portabilitat i supressi\u00f3 de les seves dades i a la limitaci\u00f3 o oposici\u00f3 al seutractament.<\/li>\n<li>Dret a presentar una reclamaci\u00f3 davant l\u2019Autoritat de control (www.aepd.es) si considera que eltractament no s\u2019ajusta a la normativa vigent.<\/li>\n<\/ul>\n<p><strong>Dades de contacte per exercir els seus drets:<\/strong><\/p>\n<p>IRENE MOLINA MARQUEZ. CL. VINYALS, 16 &#8211; 08221 TERRASSA (Barcelona). E-mail: hola@beatpilates.com<\/p>\n<p>&nbsp;<\/p>\n<h4><strong>COOKIES UTILITZADES EN AQUEST LLOC WEB<\/strong><\/h4>\n<table width=\"641\">\n<tbody>\n<tr>\n<td colspan=\"5\" width=\"547\"><strong>PANELL DE CONFIGURACI\u00d3<\/strong><\/td>\n<td width=\"95\"><\/td>\n<\/tr>\n<tr>\n<td colspan=\"5\" width=\"547\"><strong>COOKIES ANAL\u00cdTIQUES<\/strong><\/p>\n<p><strong>O<\/strong> Canviar la selecci\u00f3 segons si es desitja acceptar o rebutjar la instal\u00b7laci\u00f3 d\u2019aquestes cookies.<\/td>\n<td width=\"95\"><\/td>\n<\/tr>\n<tr>\n<td width=\"34\">NO M<\/td>\n<td width=\"56\">TIPUS<\/td>\n<td width=\"68\">PROPIETA T<\/td>\n<td width=\"329\">FINALITAT<\/td>\n<td width=\"60\">TERMINI<\/td>\n<td width=\"95\">OBSERVACIONS<\/td>\n<\/tr>\n<tr>\n<td width=\"34\"><strong>_ga<\/strong><\/td>\n<td width=\"56\">Anal\u00edtica<\/td>\n<td width=\"68\">Google Analytics<\/td>\n<td width=\"329\">Activa la funci\u00f3 de control de visites \u00faniques. La primera vegada que un usuari entri al lloc web a trav\u00e9s d\u2019un navegador s\u2019instal\u00b7lar\u00e0 aquesta cookie. Quan aquest usuari torni a entrar a la web amb el mateix navegador, la cookie considerar\u00e0 que \u00e9s el mateix usuari. Nom\u00e9s en cas que l\u2019usuari canvi\u00ef de navegador, es considerar\u00e0 un altre usuari<\/td>\n<td width=\"60\">2 anys<\/td>\n<td width=\"95\">Persistent<\/td>\n<\/tr>\n<tr>\n<td width=\"34\">_<strong>ga<\/strong><\/p>\n<p><strong>t<\/strong><\/td>\n<td width=\"56\">Anal\u00edtica<\/td>\n<td width=\"68\">Google Analytics<\/td>\n<td width=\"329\">S\u2019utilitza per limitar la velocitat de petici\u00f3 &#8211; la limitaci\u00f3 de la recollida de dades en els llocs d\u2019alt tr\u00e0nsit<\/td>\n<td width=\"60\">10 minuts<\/td>\n<td width=\"95\">Sessi\u00f3<\/td>\n<\/tr>\n<tr>\n<td width=\"34\"><strong>_gi d<\/strong><\/td>\n<td width=\"56\">Anal\u00edtica<\/td>\n<td width=\"68\">Google Analytics<\/td>\n<td width=\"329\">S\u2019utilitza per distingir els usuaris<\/td>\n<td width=\"60\">24 hores<\/td>\n<td width=\"95\">Sessi\u00f3<\/td>\n<\/tr>\n<\/tbody>\n<\/table>\n<p>&nbsp;<\/p>\n<p>Obtenir m\u00e9s informaci\u00f3 per <strong>desactivar les <\/strong>cookies de Google Analytics:<\/p>\n<p><a href=\"https:\/\/policies.google.com\/technologies\/managing\">Pol\u00edtica de privacitat de <\/a><a href=\"https:\/\/tools.google.com\/dlpage\/gaoptout\">Google <\/a><a href=\"https:\/\/support.google.com\/analytics\/answer\/181881?hl=es\">Exclusi\u00f3 de Google Analytics<\/a><\/p>\n<p>&nbsp;<\/p>\n<table width=\"641\">\n<tbody>\n<tr>\n<td width=\"71\"><\/td>\n<td width=\"570\"><strong>COM ELIMINAR LES COOKIES DELS NAVEGADORS M\u00c9S COMUNS<\/strong><\/td>\n<\/tr>\n<tr>\n<td width=\"71\"><strong>Chrome<\/strong><\/td>\n<td width=\"570\"><a href=\"http:\/\/support.google.com\/chrome\/answer\/95647?hl=es\">http:\/\/support.google.com\/chrome\/answer\/95647?hl=es<\/a><\/td>\n<\/tr>\n<tr>\n<td width=\"71\"><strong>Edge<\/strong><\/td>\n<td width=\"570\"><a href=\"https:\/\/support.microsoft.com\/es-es\/microsoft-edge\/eliminar-las-cookies-en-microsoft-edge-63947406-40ac-c3b8-57b9-2a946a29ae09\">https:\/\/support.microsoft.com\/es-es\/microsoft-edge\/eliminar-las-cookies-en-microsoft-edge-63947406-40ac-c3b8-57b9-2a946a29ae09<\/a><\/td>\n<\/tr>\n<tr>\n<td width=\"71\"><strong>Explorer<\/strong><\/td>\n<td width=\"570\"><a href=\"https:\/\/support.microsoft.com\/es-es\/help\/278835\/how-to-delete-cookie-files-in-internet-explorer\">https:\/\/support.microsoft.com\/es-es\/help\/278835\/how-to-delete-cookie-files-in-internet-explorer<\/a><\/td>\n<\/tr>\n<tr>\n<td width=\"71\"><strong>Firefox<\/strong><\/td>\n<td width=\"570\"><a href=\"https:\/\/www.mozilla.org\/es-ES\/privacy\/websites\/#cookies\">https:\/\/www.mozilla.org\/es-ES\/privacy\/websites\/#cookies<\/a><\/td>\n<\/tr>\n<tr>\n<td width=\"71\"><strong>Safari<\/strong><\/td>\n<td width=\"570\"><a href=\"https:\/\/support.apple.com\/es-es\/guide\/safari\/sfri11471\/mac\">https:\/\/support.apple.com\/es-es\/guide\/safari\/sfri11471\/mac<\/a><\/td>\n<\/tr>\n<tr>\n<td width=\"71\"><strong>Opera<\/strong><\/td>\n<td width=\"570\"><a href=\"https:\/\/help.opera.com\/en\/latest\/security-and-privacy\/#clearBrowsingData\">https:\/\/help.opera.com\/en\/latest\/security-and-privacy\/#clearBrowsingData<\/a><\/td>\n<\/tr>\n<\/tbody>\n<\/table>\n<p>&nbsp;<\/p>\n","protected":false},"excerpt":{"rendered":"<p>Les cookies i altres tecnologies similars com ara local shared objects, flash cookies o p\u00edxels, s\u00f3n eines emprades pels servidors [&hellip;]<\/p>\n","protected":false},"author":1,"featured_media":0,"parent":0,"menu_order":0,"comment_status":"closed","ping_status":"closed","template":"","meta":{"footnotes":""},"class_list":["post-131370","page","type-page","status-publish","hentry"],"yoast_head":"<!-- This site is optimized with the Yoast SEO plugin v24.0 - https:\/\/yoast.com\/wordpress\/plugins\/seo\/ -->\n<title>Pol\u00edtica de cookies - BEAT\u00ae Pilates Studio<\/title>\n<meta name=\"robots\" content=\"index, follow, max-snippet:-1, max-image-preview:large, max-video-preview:-1\" \/>\n<link rel=\"canonical\" href=\"https:\/\/beatpilates.com\/ca\/politica-de-cookies\/\" \/>\n<meta property=\"og:locale\" content=\"ca_ES\" \/>\n<meta property=\"og:type\" content=\"article\" \/>\n<meta property=\"og:title\" content=\"Pol\u00edtica de cookies - BEAT\u00ae Pilates Studio\" \/>\n<meta property=\"og:description\" content=\"Les cookies i altres tecnologies similars com ara local shared objects, flash cookies o p\u00edxels, s\u00f3n eines emprades pels servidors [&hellip;]\" \/>\n<meta property=\"og:url\" content=\"https:\/\/beatpilates.com\/ca\/politica-de-cookies\/\" \/>\n<meta property=\"og:site_name\" content=\"BEAT\u00ae Pilates Studio\" \/>\n<meta property=\"article:modified_time\" content=\"2024-07-12T10:24:41+00:00\" \/>\n<meta name=\"twitter:card\" content=\"summary_large_image\" \/>\n<meta name=\"twitter:label1\" content=\"Temps estimat de lectura\" \/>\n\t<meta name=\"twitter:data1\" content=\"4 minuts\" \/>\n<script type=\"application\/ld+json\" class=\"yoast-schema-graph\">{\"@context\":\"https:\/\/schema.org\",\"@graph\":[{\"@type\":\"WebPage\",\"@id\":\"https:\/\/beatpilates.com\/ca\/politica-de-cookies\/\",\"url\":\"https:\/\/beatpilates.com\/ca\/politica-de-cookies\/\",\"name\":\"Pol\u00edtica de cookies - BEAT\u00ae Pilates Studio\",\"isPartOf\":{\"@id\":\"https:\/\/beatpilates.com\/ca\/#website\"},\"datePublished\":\"2024-05-21T09:37:27+00:00\",\"dateModified\":\"2024-07-12T10:24:41+00:00\",\"breadcrumb\":{\"@id\":\"https:\/\/beatpilates.com\/ca\/politica-de-cookies\/#breadcrumb\"},\"inLanguage\":\"ca\",\"potentialAction\":[{\"@type\":\"ReadAction\",\"target\":[\"https:\/\/beatpilates.com\/ca\/politica-de-cookies\/\"]}]},{\"@type\":\"BreadcrumbList\",\"@id\":\"https:\/\/beatpilates.com\/ca\/politica-de-cookies\/#breadcrumb\",\"itemListElement\":[{\"@type\":\"ListItem\",\"position\":1,\"name\":\"Portada\",\"item\":\"https:\/\/beatpilates.com\/ca\/\"},{\"@type\":\"ListItem\",\"position\":2,\"name\":\"Pol\u00edtica de cookies\"}]},{\"@type\":\"WebSite\",\"@id\":\"https:\/\/beatpilates.com\/ca\/#website\",\"url\":\"https:\/\/beatpilates.com\/ca\/\",\"name\":\"BEAT\u00ae Pilates Studio\",\"description\":\"Est\u00e1s a punto de aventurarte en un Beat\u00ae viaje incre\u00edble hacia un yo m\u00e1s fuerte, m\u00e1s saludable y lleno de energ\u00eda.\",\"publisher\":{\"@id\":\"https:\/\/beatpilates.com\/ca\/#organization\"},\"potentialAction\":[{\"@type\":\"SearchAction\",\"target\":{\"@type\":\"EntryPoint\",\"urlTemplate\":\"https:\/\/beatpilates.com\/ca\/?s={search_term_string}\"},\"query-input\":{\"@type\":\"PropertyValueSpecification\",\"valueRequired\":true,\"valueName\":\"search_term_string\"}}],\"inLanguage\":\"ca\"},{\"@type\":\"Organization\",\"@id\":\"https:\/\/beatpilates.com\/ca\/#organization\",\"name\":\"Beat\u00ae Pilates Studio\",\"url\":\"https:\/\/beatpilates.com\/ca\/\",\"logo\":{\"@type\":\"ImageObject\",\"inLanguage\":\"ca\",\"@id\":\"https:\/\/beatpilates.com\/ca\/#\/schema\/logo\/image\/\",\"url\":\"https:\/\/beatpilates.com\/wp-content\/uploads\/2024\/02\/logo-BEAT-2-.svg\",\"contentUrl\":\"https:\/\/beatpilates.com\/wp-content\/uploads\/2024\/02\/logo-BEAT-2-.svg\",\"width\":1,\"height\":1,\"caption\":\"Beat\u00ae Pilates Studio\"},\"image\":{\"@id\":\"https:\/\/beatpilates.com\/ca\/#\/schema\/logo\/image\/\"},\"sameAs\":[\"https:\/\/www.instagram.com\/beat.pilates\/\"]}]}<\/script>\n<!-- \/ Yoast SEO plugin. -->","yoast_head_json":{"title":"Pol\u00edtica de cookies - BEAT\u00ae Pilates Studio","robots":{"index":"index","follow":"follow","max-snippet":"max-snippet:-1","max-image-preview":"max-image-preview:large","max-video-preview":"max-video-preview:-1"},"canonical":"https:\/\/beatpilates.com\/ca\/politica-de-cookies\/","og_locale":"ca_ES","og_type":"article","og_title":"Pol\u00edtica de cookies - BEAT\u00ae Pilates Studio","og_description":"Les cookies i altres tecnologies similars com ara local shared objects, flash cookies o p\u00edxels, s\u00f3n eines emprades pels servidors [&hellip;]","og_url":"https:\/\/beatpilates.com\/ca\/politica-de-cookies\/","og_site_name":"BEAT\u00ae Pilates Studio","article_modified_time":"2024-07-12T10:24:41+00:00","twitter_card":"summary_large_image","twitter_misc":{"Temps estimat de lectura":"4 minuts"},"schema":{"@context":"https:\/\/schema.org","@graph":[{"@type":"WebPage","@id":"https:\/\/beatpilates.com\/ca\/politica-de-cookies\/","url":"https:\/\/beatpilates.com\/ca\/politica-de-cookies\/","name":"Pol\u00edtica de cookies - BEAT\u00ae Pilates Studio","isPartOf":{"@id":"https:\/\/beatpilates.com\/ca\/#website"},"datePublished":"2024-05-21T09:37:27+00:00","dateModified":"2024-07-12T10:24:41+00:00","breadcrumb":{"@id":"https:\/\/beatpilates.com\/ca\/politica-de-cookies\/#breadcrumb"},"inLanguage":"ca","potentialAction":[{"@type":"ReadAction","target":["https:\/\/beatpilates.com\/ca\/politica-de-cookies\/"]}]},{"@type":"BreadcrumbList","@id":"https:\/\/beatpilates.com\/ca\/politica-de-cookies\/#breadcrumb","itemListElement":[{"@type":"ListItem","position":1,"name":"Portada","item":"https:\/\/beatpilates.com\/ca\/"},{"@type":"ListItem","position":2,"name":"Pol\u00edtica de cookies"}]},{"@type":"WebSite","@id":"https:\/\/beatpilates.com\/ca\/#website","url":"https:\/\/beatpilates.com\/ca\/","name":"BEAT\u00ae Pilates Studio","description":"Est\u00e1s a punto de aventurarte en un Beat\u00ae viaje incre\u00edble hacia un yo m\u00e1s fuerte, m\u00e1s saludable y lleno de energ\u00eda.","publisher":{"@id":"https:\/\/beatpilates.com\/ca\/#organization"},"potentialAction":[{"@type":"SearchAction","target":{"@type":"EntryPoint","urlTemplate":"https:\/\/beatpilates.com\/ca\/?s={search_term_string}"},"query-input":{"@type":"PropertyValueSpecification","valueRequired":true,"valueName":"search_term_string"}}],"inLanguage":"ca"},{"@type":"Organization","@id":"https:\/\/beatpilates.com\/ca\/#organization","name":"Beat\u00ae Pilates Studio","url":"https:\/\/beatpilates.com\/ca\/","logo":{"@type":"ImageObject","inLanguage":"ca","@id":"https:\/\/beatpilates.com\/ca\/#\/schema\/logo\/image\/","url":"https:\/\/beatpilates.com\/wp-content\/uploads\/2024\/02\/logo-BEAT-2-.svg","contentUrl":"https:\/\/beatpilates.com\/wp-content\/uploads\/2024\/02\/logo-BEAT-2-.svg","width":1,"height":1,"caption":"Beat\u00ae Pilates Studio"},"image":{"@id":"https:\/\/beatpilates.com\/ca\/#\/schema\/logo\/image\/"},"sameAs":["https:\/\/www.instagram.com\/beat.pilates\/"]}]}},"_links":{"self":[{"href":"https:\/\/beatpilates.com\/ca\/wp-json\/wp\/v2\/pages\/131370","targetHints":{"allow":["GET"]}}],"collection":[{"href":"https:\/\/beatpilates.com\/ca\/wp-json\/wp\/v2\/pages"}],"about":[{"href":"https:\/\/beatpilates.com\/ca\/wp-json\/wp\/v2\/types\/page"}],"author":[{"embeddable":true,"href":"https:\/\/beatpilates.com\/ca\/wp-json\/wp\/v2\/users\/1"}],"replies":[{"embeddable":true,"href":"https:\/\/beatpilates.com\/ca\/wp-json\/wp\/v2\/comments?post=131370"}],"version-history":[{"count":4,"href":"https:\/\/beatpilates.com\/ca\/wp-json\/wp\/v2\/pages\/131370\/revisions"}],"predecessor-version":[{"id":131376,"href":"https:\/\/beatpilates.com\/ca\/wp-json\/wp\/v2\/pages\/131370\/revisions\/131376"}],"wp:attachment":[{"href":"https:\/\/beatpilates.com\/ca\/wp-json\/wp\/v2\/media?parent=131370"}],"curies":[{"name":"wp","href":"https:\/\/api.w.org\/{rel}","templated":true}]}}